{"id":7,"date":"2025-01-24T08:53:25","date_gmt":"2025-01-24T07:53:25","guid":{"rendered":"http:\/\/beethof.flexible-marketing.at\/?page_id=7"},"modified":"2025-02-26T09:48:09","modified_gmt":"2025-02-26T08:48:09","slug":"home","status":"publish","type":"page","link":"https:\/\/beethof.com\/","title":{"rendered":"Home"},"content":{"rendered":"\t\t<div data-elementor-type=\"wp-page\" data-elementor-id=\"7\" class=\"elementor elementor-7\" data-elementor-post-type=\"page\">\n\t\t\t\t<div class=\"elementor-element elementor-element-8adacaa elementor-hidden-mobile e-flex e-con-boxed e-con e-parent\" data-id=\"8adacaa\" data-element_type=\"container\" data-settings=\"{&quot;background_background&quot;:&quot;classic&quot;}\">\n\t\t\t\t\t<div class=\"e-con-inner\">\n\t\t<div class=\"elementor-element elementor-element-20882db e-flex e-con-boxed e-con e-child\" data-id=\"20882db\" data-element_type=\"container\">\n\t\t\t\t\t<div class=\"e-con-inner\">\n\t\t\t\t\t<\/div>\n\t\t\t\t<\/div>\n\t\t<div class=\"elementor-element elementor-element-e9190df e-con-full e-flex e-con e-child\" data-id=\"e9190df\" data-element_type=\"container\">\n\t\t\t\t<div class=\"elementor-element elementor-element-1014a7f elementor-widget elementor-widget-spacer\" data-id=\"1014a7f\" data-element_type=\"widget\" data-widget_type=\"spacer.default\">\n\t\t\t\t<div class=\"elementor-widget-container\">\n\t\t\t\t\t\t\t<div class=\"elementor-spacer\">\n\t\t\t<div class=\"elementor-spacer-inner\"><\/div>\n\t\t<\/div>\n\t\t\t\t\t\t<\/div>\n\t\t\t\t<\/div>\n\t\t\t\t<div class=\"elementor-element elementor-element-9c55cf5 animated-slow elementor-invisible elementor-widget elementor-widget-image\" data-id=\"9c55cf5\" data-element_type=\"widget\" data-settings=\"{&quot;_animation&quot;:&quot;fadeInRight&quot;}\" data-widget_type=\"image.default\">\n\t\t\t\t<div class=\"elementor-widget-container\">\n\t\t\t\t\t\t\t\t\t\t\t\t\t\t\t<img fetchpriority=\"high\" decoding=\"async\" width=\"759\" height=\"125\" src=\"https:\/\/beethof.com\/wp-content\/uploads\/2025\/01\/Beethof-Logo_cmyk.png\" class=\"attachment-large size-large wp-image-22\" alt=\"\" srcset=\"https:\/\/beethof.com\/wp-content\/uploads\/2025\/01\/Beethof-Logo_cmyk.png 759w, https:\/\/beethof.com\/wp-content\/uploads\/2025\/01\/Beethof-Logo_cmyk-300x49.png 300w\" sizes=\"(max-width: 759px) 100vw, 759px\" \/>\t\t\t\t\t\t\t\t\t\t\t\t\t\t\t<\/div>\n\t\t\t\t<\/div>\n\t\t\t\t<\/div>\n\t\t\t\t\t<\/div>\n\t\t\t\t<\/div>\n\t\t<div class=\"elementor-element elementor-element-7b9972b elementor-hidden-desktop elementor-hidden-tablet e-flex e-con-boxed e-con e-parent\" data-id=\"7b9972b\" data-element_type=\"container\" data-settings=\"{&quot;background_background&quot;:&quot;classic&quot;}\">\n\t\t\t\t\t<div class=\"e-con-inner\">\n\t\t<div class=\"elementor-element elementor-element-b229584 e-con-full e-flex e-con e-child\" data-id=\"b229584\" data-element_type=\"container\">\n\t\t\t\t<div class=\"elementor-element elementor-element-a21d98a elementor-widget elementor-widget-spacer\" data-id=\"a21d98a\" data-element_type=\"widget\" data-widget_type=\"spacer.default\">\n\t\t\t\t<div class=\"elementor-widget-container\">\n\t\t\t\t\t\t\t<div class=\"elementor-spacer\">\n\t\t\t<div class=\"elementor-spacer-inner\"><\/div>\n\t\t<\/div>\n\t\t\t\t\t\t<\/div>\n\t\t\t\t<\/div>\n\t\t\t\t<div class=\"elementor-element elementor-element-1363749 elementor-widget elementor-widget-spacer\" data-id=\"1363749\" data-element_type=\"widget\" data-widget_type=\"spacer.default\">\n\t\t\t\t<div class=\"elementor-widget-container\">\n\t\t\t\t\t\t\t<div class=\"elementor-spacer\">\n\t\t\t<div class=\"elementor-spacer-inner\"><\/div>\n\t\t<\/div>\n\t\t\t\t\t\t<\/div>\n\t\t\t\t<\/div>\n\t\t\t\t<div class=\"elementor-element elementor-element-7876ae8 elementor-widget elementor-widget-image\" data-id=\"7876ae8\" data-element_type=\"widget\" data-settings=\"{&quot;_animation_mobile&quot;:&quot;fadeIn&quot;}\" data-widget_type=\"image.default\">\n\t\t\t\t<div class=\"elementor-widget-container\">\n\t\t\t\t\t\t\t\t\t\t\t\t\t\t\t<img fetchpriority=\"high\" decoding=\"async\" width=\"759\" height=\"125\" src=\"https:\/\/beethof.com\/wp-content\/uploads\/2025\/01\/Beethof-Logo_cmyk.png\" class=\"attachment-large size-large wp-image-22\" alt=\"\" srcset=\"https:\/\/beethof.com\/wp-content\/uploads\/2025\/01\/Beethof-Logo_cmyk.png 759w, https:\/\/beethof.com\/wp-content\/uploads\/2025\/01\/Beethof-Logo_cmyk-300x49.png 300w\" sizes=\"(max-width: 759px) 100vw, 759px\" \/>\t\t\t\t\t\t\t\t\t\t\t\t\t\t\t<\/div>\n\t\t\t\t<\/div>\n\t\t\t\t<\/div>\n\t\t<div class=\"elementor-element elementor-element-5ad5c2b e-con-full e-flex e-con e-child\" data-id=\"5ad5c2b\" data-element_type=\"container\">\n\t\t\t\t<\/div>\n\t\t\t\t\t<\/div>\n\t\t\t\t<\/div>\n\t\t<div class=\"elementor-element elementor-element-56bdbd7 e-flex e-con-boxed e-con e-parent\" data-id=\"56bdbd7\" data-element_type=\"container\" data-settings=\"{&quot;background_background&quot;:&quot;classic&quot;}\">\n\t\t\t\t\t<div class=\"e-con-inner\">\n\t\t\t\t<div class=\"elementor-element elementor-element-a1d93d5 elementor-widget elementor-widget-video\" data-id=\"a1d93d5\" data-element_type=\"widget\" data-settings=\"{&quot;video_type&quot;:&quot;hosted&quot;,&quot;loop&quot;:&quot;yes&quot;,&quot;start&quot;:0,&quot;autoplay&quot;:&quot;yes&quot;,&quot;play_on_mobile&quot;:&quot;yes&quot;,&quot;controls&quot;:&quot;yes&quot;}\" data-widget_type=\"video.default\">\n\t\t\t\t<div class=\"elementor-widget-container\">\n\t\t\t\t\t\t\t<div class=\"e-hosted-video elementor-wrapper elementor-open-inline\">\n\t\t\t\t\t<video class=\"elementor-video\" src=\"https:\/\/beethof.com\/wp-content\/uploads\/2025\/01\/beethof.mp4\" autoplay=\"\" loop=\"\" controls=\"\" playsinline=\"\" controlsList=\"nodownload\" poster=\"https:\/\/beethof.com\/wp-content\/uploads\/2025\/01\/Standbild-Video_2.png\"><\/video>\n\t\t\t\t<\/div>\n\t\t\t\t\t\t<\/div>\n\t\t\t\t<\/div>\n\t\t\t\t\t<\/div>\n\t\t\t\t<\/div>\n\t\t<div class=\"elementor-element elementor-element-eaed67e e-flex e-con-boxed e-con e-parent\" data-id=\"eaed67e\" data-element_type=\"container\" data-settings=\"{&quot;background_background&quot;:&quot;classic&quot;}\">\n\t\t\t\t\t<div class=\"e-con-inner\">\n\t\t\t\t<div class=\"elementor-element elementor-element-3a790d8 elementor-widget elementor-widget-spacer\" data-id=\"3a790d8\" data-element_type=\"widget\" data-widget_type=\"spacer.default\">\n\t\t\t\t<div class=\"elementor-widget-container\">\n\t\t\t\t\t\t\t<div class=\"elementor-spacer\">\n\t\t\t<div class=\"elementor-spacer-inner\"><\/div>\n\t\t<\/div>\n\t\t\t\t\t\t<\/div>\n\t\t\t\t<\/div>\n\t\t\t\t\t<\/div>\n\t\t\t\t<\/div>\n\t\t<div class=\"elementor-element elementor-element-23c190d e-flex e-con-boxed e-con e-parent\" data-id=\"23c190d\" data-element_type=\"container\" data-settings=\"{&quot;background_background&quot;:&quot;classic&quot;}\">\n\t\t\t\t\t<div class=\"e-con-inner\">\n\t\t<div class=\"elementor-element elementor-element-da2338d e-grid e-con-full e-con e-child\" data-id=\"da2338d\" data-element_type=\"container\">\n\t\t\t\t<div class=\"elementor-element elementor-element-bbf572e elementor-widget elementor-widget-image\" data-id=\"bbf572e\" data-element_type=\"widget\" data-widget_type=\"image.default\">\n\t\t\t\t<div class=\"elementor-widget-container\">\n\t\t\t\t\t\t\t\t\t\t\t\t\t\t\t\t<a href=\"https:\/\/beethof.com\/wp-content\/uploads\/2025\/01\/L1020603-1.jpg\" data-elementor-open-lightbox=\"yes\" data-elementor-lightbox-title=\"Didi Prantner\" data-e-action-hash=\"#elementor-action%3Aaction%3Dlightbox%26settings%3DeyJpZCI6MTUsInVybCI6Imh0dHBzOlwvXC9iZWV0aG9mLmNvbVwvd3AtY29udGVudFwvdXBsb2Fkc1wvMjAyNVwvMDFcL0wxMDIwNjAzLTEuanBnIn0%3D\">\n\t\t\t\t\t\t\t<img decoding=\"async\" width=\"681\" height=\"1024\" src=\"https:\/\/beethof.com\/wp-content\/uploads\/2025\/01\/L1020603-1-681x1024.jpg\" class=\"attachment-large size-large wp-image-15\" alt=\"\" srcset=\"https:\/\/beethof.com\/wp-content\/uploads\/2025\/01\/L1020603-1-681x1024.jpg 681w, https:\/\/beethof.com\/wp-content\/uploads\/2025\/01\/L1020603-1-200x300.jpg 200w, https:\/\/beethof.com\/wp-content\/uploads\/2025\/01\/L1020603-1-768x1154.jpg 768w, https:\/\/beethof.com\/wp-content\/uploads\/2025\/01\/L1020603-1-1022x1536.jpg 1022w, https:\/\/beethof.com\/wp-content\/uploads\/2025\/01\/L1020603-1-1363x2048.jpg 1363w, https:\/\/beethof.com\/wp-content\/uploads\/2025\/01\/L1020603-1.jpg 1597w\" sizes=\"(max-width: 681px) 100vw, 681px\" \/>\t\t\t\t\t\t\t\t<\/a>\n\t\t\t\t\t\t\t\t\t\t\t\t\t\t\t<\/div>\n\t\t\t\t<\/div>\n\t\t<div class=\"elementor-element elementor-element-2be0120 e-con-full e-flex e-con e-child\" data-id=\"2be0120\" data-element_type=\"container\">\n\t\t\t\t<div class=\"elementor-element elementor-element-8d6125a elementor-widget elementor-widget-heading\" data-id=\"8d6125a\" data-element_type=\"widget\" data-widget_type=\"heading.default\">\n\t\t\t\t<div class=\"elementor-widget-container\">\n\t\t\t\t\t<h2 class=\"elementor-heading-title elementor-size-default\">Musik neu gedacht:\nWillkommen bei beethof.<\/h2>\t\t\t\t<\/div>\n\t\t\t\t<\/div>\n\t\t\t\t<div class=\"elementor-element elementor-element-b0f70f8 elementor-widget elementor-widget-text-editor\" data-id=\"b0f70f8\" data-element_type=\"widget\" data-widget_type=\"text-editor.default\">\n\t\t\t\t<div class=\"elementor-widget-container\">\n\t\t\t\t\t\t\t\t\t<!DOCTYPE html>\n<html lang=\"de\">\n<head>\n    <meta charset=\"UTF-8\">\n    <meta name=\"viewport\" content=\"width=device-width, initial-scale=1.0\">\n    <title>Text<\/title>\n    <link rel=\"stylesheet\" href=\"https:\/\/fonts.googleapis.com\/css2?family=Stevie+Sans&#038;display=swap\">\n    <style>\n        body {\n            font-family: \"Stevie Sans\", sans-serif;\n            font-weight: 400;\n            font-style: normal;\n            color: black;\n            margin: 0;\n            line-height: 1.5;\n        }\n    <\/style>\n<\/head>\n<body>\n\n    <p>Musik ist wie ein Garten \u2013 sie entsteht aus einer Mischung von Einfl\u00fcssen, \n        Geschichten und Perspektiven. Sie w\u00e4chst, entwickelt sich und verbindet. \n        Doch sie braucht einen Ort, an dem sie gedeihen kann \u2013 einen Ort, an dem Musik \n        nicht nur geh\u00f6rt, sondern erlebt und weitergegeben wird.<\/p>\n\n    <p>beethof ist dieser kreative Raum. Ein Ort, der immer wieder aufs Neue zum Leben \n        erweckt wird \u2013 ein \u201ebeethof\u201c, an dem Musik entsteht, sich entfaltet und von dort in die \n        Welt hinausgeht. Ein Raum, in dem neue Ideen Wurzeln schlagen, wachsen und sich \n        frei entfalten k\u00f6nnen.<\/p>\n\n    <p>beethof steht f\u00fcr unbegrenzte M\u00f6glichkeiten. Hier z\u00e4hlt nicht das Einhalten von \n        Genregrenzen oder Erwartungen, sondern die pure Freiheit, Musik zu erschaffen \n        und zu teilen. Es ist ein Manifest f\u00fcr einen lebendigen, wachsenden Prozess \u2013 \n        ein kreativer Raum, der Musik als das betrachtet, was sie wirklich ist: \n        grenzenlose Inspiration.<\/p>\n\n<\/body>\n<\/html>\t\t\t\t\t\t\t\t<\/div>\n\t\t\t\t<\/div>\n\t\t\t\t<\/div>\n\t\t\t\t<\/div>\n\t\t\t\t\t<\/div>\n\t\t\t\t<\/div>\n\t\t<div class=\"elementor-element elementor-element-84d2d57 e-flex e-con-boxed e-con e-parent\" data-id=\"84d2d57\" data-element_type=\"container\" data-settings=\"{&quot;background_background&quot;:&quot;classic&quot;}\">\n\t\t\t\t\t<div class=\"e-con-inner\">\n\t\t\t\t<div class=\"elementor-element elementor-element-b478186 elementor-widget elementor-widget-spacer\" data-id=\"b478186\" data-element_type=\"widget\" data-widget_type=\"spacer.default\">\n\t\t\t\t<div class=\"elementor-widget-container\">\n\t\t\t\t\t\t\t<div class=\"elementor-spacer\">\n\t\t\t<div class=\"elementor-spacer-inner\"><\/div>\n\t\t<\/div>\n\t\t\t\t\t\t<\/div>\n\t\t\t\t<\/div>\n\t\t\t\t\t<\/div>\n\t\t\t\t<\/div>\n\t\t\t\t<\/div>\n\t\t","protected":false},"excerpt":{"rendered":"<p>https:\/\/beethof.com\/wp-content\/uploads\/2025\/01\/beethof.mp4 Musik neu gedacht: Willkommen bei beethof. Text Musik ist wie ein Garten \u2013 sie entsteht aus einer Mischung von Einfl\u00fcssen, Geschichten und Perspektiven. Sie w\u00e4chst, entwickelt sich und verbindet. Doch sie braucht einen Ort, an dem sie gedeihen kann \u2013 einen Ort, an dem Musik nicht nur geh\u00f6rt, sondern erlebt und weitergegeben wird. beethof [&hellip;]<\/p>\n","protected":false},"author":1,"featured_media":0,"parent":0,"menu_order":0,"comment_status":"closed","ping_status":"closed","template":"","meta":{"footnotes":""},"class_list":["post-7","page","type-page","status-publish","hentry"],"_links":{"self":[{"href":"https:\/\/beethof.com\/index.php?rest_route=\/wp\/v2\/pages\/7","targetHints":{"allow":["GET"]}}],"collection":[{"href":"https:\/\/beethof.com\/index.php?rest_route=\/wp\/v2\/pages"}],"about":[{"href":"https:\/\/beethof.com\/index.php?rest_route=\/wp\/v2\/types\/page"}],"author":[{"embeddable":true,"href":"https:\/\/beethof.com\/index.php?rest_route=\/wp\/v2\/users\/1"}],"replies":[{"embeddable":true,"href":"https:\/\/beethof.com\/index.php?rest_route=%2Fwp%2Fv2%2Fcomments&post=7"}],"version-history":[{"count":60,"href":"https:\/\/beethof.com\/index.php?rest_route=\/wp\/v2\/pages\/7\/revisions"}],"predecessor-version":[{"id":223,"href":"https:\/\/beethof.com\/index.php?rest_route=\/wp\/v2\/pages\/7\/revisions\/223"}],"wp:attachment":[{"href":"https:\/\/beethof.com\/index.php?rest_route=%2Fwp%2Fv2%2Fmedia&parent=7"}],"curies":[{"name":"wp","href":"https:\/\/api.w.org\/{rel}","templated":true}]}}