{"id":91,"date":"2025-01-25T08:05:49","date_gmt":"2025-01-25T07:05:49","guid":{"rendered":"https:\/\/beethof.at\/?page_id=91"},"modified":"2025-01-29T09:45:51","modified_gmt":"2025-01-29T08:45:51","slug":"impressum","status":"publish","type":"page","link":"https:\/\/beethof.com\/?page_id=91","title":{"rendered":"Impressum"},"content":{"rendered":"\t\t<div data-elementor-type=\"wp-page\" data-elementor-id=\"91\" class=\"elementor elementor-91\" data-elementor-post-type=\"page\">\n\t\t\t\t<div class=\"elementor-element elementor-element-956add5 elementor-hidden-mobile e-flex e-con-boxed e-con e-parent\" data-id=\"956add5\" data-element_type=\"container\" data-settings=\"{&quot;background_background&quot;:&quot;classic&quot;}\">\n\t\t\t\t\t<div class=\"e-con-inner\">\n\t\t<div class=\"elementor-element elementor-element-8ec6d9e e-flex e-con-boxed e-con e-child\" data-id=\"8ec6d9e\" data-element_type=\"container\">\n\t\t\t\t\t<div class=\"e-con-inner\">\n\t\t\t\t<div class=\"elementor-element elementor-element-aa75fa2 elementor-widget elementor-widget-image\" data-id=\"aa75fa2\" data-element_type=\"widget\" data-settings=\"{&quot;_animation&quot;:&quot;none&quot;}\" data-widget_type=\"image.default\">\n\t\t\t\t<div class=\"elementor-widget-container\">\n\t\t\t\t\t\t\t\t\t\t\t\t\t\t\t<img fetchpriority=\"high\" decoding=\"async\" width=\"800\" height=\"888\" src=\"https:\/\/beethof.com\/wp-content\/uploads\/2025\/01\/aaL1020651_freigestellt-923x1024.png\" class=\"attachment-large size-large wp-image-57\" alt=\"\" srcset=\"https:\/\/beethof.com\/wp-content\/uploads\/2025\/01\/aaL1020651_freigestellt-923x1024.png 923w, https:\/\/beethof.com\/wp-content\/uploads\/2025\/01\/aaL1020651_freigestellt-270x300.png 270w, https:\/\/beethof.com\/wp-content\/uploads\/2025\/01\/aaL1020651_freigestellt-768x852.png 768w, https:\/\/beethof.com\/wp-content\/uploads\/2025\/01\/aaL1020651_freigestellt-1385x1536.png 1385w, https:\/\/beethof.com\/wp-content\/uploads\/2025\/01\/aaL1020651_freigestellt.png 1687w\" sizes=\"(max-width: 800px) 100vw, 800px\" \/>\t\t\t\t\t\t\t\t\t\t\t\t\t\t\t<\/div>\n\t\t\t\t<\/div>\n\t\t\t\t\t<\/div>\n\t\t\t\t<\/div>\n\t\t<div class=\"elementor-element elementor-element-0f6df14 e-con-full e-flex e-con e-child\" data-id=\"0f6df14\" data-element_type=\"container\">\n\t\t\t\t<div class=\"elementor-element elementor-element-f47fb47 elementor-widget elementor-widget-spacer\" data-id=\"f47fb47\" data-element_type=\"widget\" data-widget_type=\"spacer.default\">\n\t\t\t\t<div class=\"elementor-widget-container\">\n\t\t\t\t\t\t\t<div class=\"elementor-spacer\">\n\t\t\t<div class=\"elementor-spacer-inner\"><\/div>\n\t\t<\/div>\n\t\t\t\t\t\t<\/div>\n\t\t\t\t<\/div>\n\t\t\t\t<div class=\"elementor-element elementor-element-1ac109d animated-slow elementor-invisible elementor-widget elementor-widget-image\" data-id=\"1ac109d\" data-element_type=\"widget\" data-settings=\"{&quot;_animation&quot;:&quot;fadeInRight&quot;}\" data-widget_type=\"image.default\">\n\t\t\t\t<div class=\"elementor-widget-container\">\n\t\t\t\t\t\t\t\t\t\t\t\t\t\t\t<img decoding=\"async\" width=\"759\" height=\"125\" src=\"https:\/\/beethof.com\/wp-content\/uploads\/2025\/01\/Beethof-Logo_cmyk.png\" class=\"attachment-large size-large wp-image-22\" alt=\"\" srcset=\"https:\/\/beethof.com\/wp-content\/uploads\/2025\/01\/Beethof-Logo_cmyk.png 759w, https:\/\/beethof.com\/wp-content\/uploads\/2025\/01\/Beethof-Logo_cmyk-300x49.png 300w\" sizes=\"(max-width: 759px) 100vw, 759px\" \/>\t\t\t\t\t\t\t\t\t\t\t\t\t\t\t<\/div>\n\t\t\t\t<\/div>\n\t\t\t\t<\/div>\n\t\t\t\t\t<\/div>\n\t\t\t\t<\/div>\n\t\t<div class=\"elementor-element elementor-element-6e8ba48 elementor-hidden-desktop elementor-hidden-tablet e-flex e-con-boxed e-con e-parent\" data-id=\"6e8ba48\" data-element_type=\"container\" data-settings=\"{&quot;background_background&quot;:&quot;classic&quot;}\">\n\t\t\t\t\t<div class=\"e-con-inner\">\n\t\t<div class=\"elementor-element elementor-element-a8c307c e-con-full e-flex e-con e-child\" data-id=\"a8c307c\" data-element_type=\"container\">\n\t\t\t\t<div class=\"elementor-element elementor-element-622d5ac elementor-widget elementor-widget-spacer\" data-id=\"622d5ac\" data-element_type=\"widget\" data-widget_type=\"spacer.default\">\n\t\t\t\t<div class=\"elementor-widget-container\">\n\t\t\t\t\t\t\t<div class=\"elementor-spacer\">\n\t\t\t<div class=\"elementor-spacer-inner\"><\/div>\n\t\t<\/div>\n\t\t\t\t\t\t<\/div>\n\t\t\t\t<\/div>\n\t\t\t\t<div class=\"elementor-element elementor-element-99d7a4f elementor-widget elementor-widget-image\" data-id=\"99d7a4f\" data-element_type=\"widget\" data-settings=\"{&quot;_animation_mobile&quot;:&quot;fadeIn&quot;}\" data-widget_type=\"image.default\">\n\t\t\t\t<div class=\"elementor-widget-container\">\n\t\t\t\t\t\t\t\t\t\t\t\t\t\t\t<img decoding=\"async\" width=\"759\" height=\"125\" src=\"https:\/\/beethof.com\/wp-content\/uploads\/2025\/01\/Beethof-Logo_cmyk.png\" class=\"attachment-large size-large wp-image-22\" alt=\"\" srcset=\"https:\/\/beethof.com\/wp-content\/uploads\/2025\/01\/Beethof-Logo_cmyk.png 759w, https:\/\/beethof.com\/wp-content\/uploads\/2025\/01\/Beethof-Logo_cmyk-300x49.png 300w\" sizes=\"(max-width: 759px) 100vw, 759px\" \/>\t\t\t\t\t\t\t\t\t\t\t\t\t\t\t<\/div>\n\t\t\t\t<\/div>\n\t\t\t\t<\/div>\n\t\t<div class=\"elementor-element elementor-element-972aea4 e-con-full e-flex e-con e-child\" data-id=\"972aea4\" data-element_type=\"container\">\n\t\t\t\t<div class=\"elementor-element elementor-element-78a16f6 elementor-widget elementor-widget-image\" data-id=\"78a16f6\" data-element_type=\"widget\" data-settings=\"{&quot;_animation_mobile&quot;:&quot;none&quot;}\" data-widget_type=\"image.default\">\n\t\t\t\t<div class=\"elementor-widget-container\">\n\t\t\t\t\t\t\t\t\t\t\t\t\t\t\t<img fetchpriority=\"high\" decoding=\"async\" width=\"800\" height=\"888\" src=\"https:\/\/beethof.com\/wp-content\/uploads\/2025\/01\/aaL1020651_freigestellt-923x1024.png\" class=\"attachment-large size-large wp-image-57\" alt=\"\" srcset=\"https:\/\/beethof.com\/wp-content\/uploads\/2025\/01\/aaL1020651_freigestellt-923x1024.png 923w, https:\/\/beethof.com\/wp-content\/uploads\/2025\/01\/aaL1020651_freigestellt-270x300.png 270w, https:\/\/beethof.com\/wp-content\/uploads\/2025\/01\/aaL1020651_freigestellt-768x852.png 768w, https:\/\/beethof.com\/wp-content\/uploads\/2025\/01\/aaL1020651_freigestellt-1385x1536.png 1385w, https:\/\/beethof.com\/wp-content\/uploads\/2025\/01\/aaL1020651_freigestellt.png 1687w\" sizes=\"(max-width: 800px) 100vw, 800px\" \/>\t\t\t\t\t\t\t\t\t\t\t\t\t\t\t<\/div>\n\t\t\t\t<\/div>\n\t\t\t\t<\/div>\n\t\t\t\t\t<\/div>\n\t\t\t\t<\/div>\n\t\t<div class=\"elementor-element elementor-element-719ae8d e-flex e-con-boxed e-con e-parent\" data-id=\"719ae8d\" data-element_type=\"container\" data-settings=\"{&quot;background_background&quot;:&quot;classic&quot;}\">\n\t\t\t\t\t<div class=\"e-con-inner\">\n\t\t<div class=\"elementor-element elementor-element-f5b2125 e-con-full e-flex e-con e-child\" data-id=\"f5b2125\" data-element_type=\"container\">\n\t\t\t\t<div class=\"elementor-element elementor-element-e11a34a elementor-widget elementor-widget-text-editor\" data-id=\"e11a34a\" data-element_type=\"widget\" data-widget_type=\"text-editor.default\">\n\t\t\t\t<div class=\"elementor-widget-container\">\n\t\t\t\t\t\t\t\t\t<p><br \/><br \/><br \/><br \/><br \/><\/p><p><style>\n        body {<br \/>\n            font-family: \"Stevie Sans\", sans-serif;<br \/>\n            font-weight: 400;<br \/>\n            font-style: normal;<br \/>\n            color: black;<br \/>\n            margin: 0;<br \/>\n        }<br \/>\n        h1 {<br \/>\n            font-weight: bold;<br \/>\n        }<br \/>\n        strong {<br \/>\n            display: block;<br \/>\n            margin-top: 10px;<br \/>\n            font-weight: bold;<br \/>\n        }<br \/>\n        a {<br \/>\n            color: black;<br \/>\n            text-decoration: none;<br \/>\n        }<br \/>\n        a:hover {<br \/>\n            text-decoration: underline;<br \/>\n        }<br \/>\n    <\/style><\/p><p>\u00a0<\/p><h1>Impressum<\/h1><p><strong>F\u00fcr den Inhalt verantwortlich:<\/strong><br \/>Dietmar Pranter<br \/>9020 Klagenfurt am W\u00f6rthersee<br \/>\u00d6sterreich<br \/>Tel.: +43 463 481763<br \/>E-Mail: <a href=\"mailto:office.beethof@aon.at\">office.beethof@aon.at<\/a><\/p><p><strong>Fotos:<\/strong><br \/>Horst Griessler, <a href=\"http:\/\/www.photoemotion.at\">www.photoemotion.at<\/a><\/p><p><strong>Webdesign:<\/strong><br \/>Werbegrafikb\u00fcro Claudia Zarfl-Tratting, <a href=\"http:\/\/www.werbegrafikbuero.at\">www.werbegrafikbuero.at<\/a><\/p><p><strong>Programmierung und Technik:<\/strong><br \/>Stefan Rader<\/p><p>Die auf dieser Website ver\u00f6ffentlichten Inhalte, einschlie\u00dflich Musik, Texte, Bilder und sonstiger Materialien, unterliegen dem Urheberrecht von Dietmar Pranter, sofern nicht anders angegeben. Jegliche Vervielf\u00e4ltigung, Verbreitung, Bearbeitung oder andere Nutzung ist ohne vorherige schriftliche Zustimmung von Dietmar Pranter untersagt.<\/p><p>Die Inhalte dieser Website wurden mit gr\u00f6\u00dftm\u00f6glicher Sorgfalt erstellt. Dennoch \u00fcbernimmt Dietmar Pranter keine Gew\u00e4hr f\u00fcr die Richtigkeit, Vollst\u00e4ndigkeit und Aktualit\u00e4t der bereitgestellten Inhalte. \u00c4nderungen und Tippfehler bleiben vorbehalten.<\/p><p>\u00a0<\/p>\t\t\t\t\t\t\t\t<\/div>\n\t\t\t\t<\/div>\n\t\t\t\t<\/div>\n\t\t\t\t\t<\/div>\n\t\t\t\t<\/div>\n\t\t\t\t<\/div>\n\t\t","protected":false},"excerpt":{"rendered":"<p>\u00a0 Impressum F\u00fcr den Inhalt verantwortlich:Dietmar Pranter9020 Klagenfurt am W\u00f6rthersee\u00d6sterreichTel.: +43 463 481763E-Mail: office.beethof@aon.at Fotos:Horst Griessler, www.photoemotion.at Webdesign:Werbegrafikb\u00fcro Claudia Zarfl-Tratting, www.werbegrafikbuero.at Programmierung und Technik:Stefan Rader Die auf dieser Website ver\u00f6ffentlichten Inhalte, einschlie\u00dflich Musik, Texte, Bilder und sonstiger Materialien, unterliegen dem Urheberrecht von Dietmar Pranter, sofern nicht anders angegeben. Jegliche Vervielf\u00e4ltigung, Verbreitung, Bearbeitung oder andere Nutzung [&hellip;]<\/p>\n","protected":false},"author":1,"featured_media":0,"parent":0,"menu_order":0,"comment_status":"closed","ping_status":"closed","template":"elementor_header_footer","meta":{"footnotes":""},"class_list":["post-91","page","type-page","status-publish","hentry"],"_links":{"self":[{"href":"https:\/\/beethof.com\/index.php?rest_route=\/wp\/v2\/pages\/91","targetHints":{"allow":["GET"]}}],"collection":[{"href":"https:\/\/beethof.com\/index.php?rest_route=\/wp\/v2\/pages"}],"about":[{"href":"https:\/\/beethof.com\/index.php?rest_route=\/wp\/v2\/types\/page"}],"author":[{"embeddable":true,"href":"https:\/\/beethof.com\/index.php?rest_route=\/wp\/v2\/users\/1"}],"replies":[{"embeddable":true,"href":"https:\/\/beethof.com\/index.php?rest_route=%2Fwp%2Fv2%2Fcomments&post=91"}],"version-history":[{"count":27,"href":"https:\/\/beethof.com\/index.php?rest_route=\/wp\/v2\/pages\/91\/revisions"}],"predecessor-version":[{"id":189,"href":"https:\/\/beethof.com\/index.php?rest_route=\/wp\/v2\/pages\/91\/revisions\/189"}],"wp:attachment":[{"href":"https:\/\/beethof.com\/index.php?rest_route=%2Fwp%2Fv2%2Fmedia&parent=91"}],"curies":[{"name":"wp","href":"https:\/\/api.w.org\/{rel}","templated":true}]}}